{"id":974,"date":"2024-06-12T13:03:37","date_gmt":"2024-06-12T11:03:37","guid":{"rendered":"http:\/\/10.10.13.116\/cebelmail\/?page_id=974"},"modified":"2025-01-31T12:57:46","modified_gmt":"2025-01-31T11:57:46","slug":"mentions-legales","status":"publish","type":"page","link":"https:\/\/www.cebelmail.com\/?page_id=974","title":{"rendered":"Mentions l\u00e9gales"},"content":{"rendered":"\t\t<div data-elementor-type=\"wp-page\" data-elementor-id=\"974\" class=\"elementor elementor-974\">\n\t\t\t\t<div class=\"elementor-element elementor-element-1a4de353 e-flex e-con-boxed wpr-particle-no wpr-jarallax-no wpr-parallax-no wpr-sticky-section-no e-con e-parent\" data-id=\"1a4de353\" data-element_type=\"container\" data-settings=\"{&quot;background_background&quot;:&quot;classic&quot;,&quot;position&quot;:&quot;fixed&quot;}\">\n\t\t\t\t\t<div class=\"e-con-inner\">\n\t\t<div class=\"elementor-element elementor-element-b86d483 e-con-full e-flex wpr-particle-no wpr-jarallax-no wpr-parallax-no wpr-sticky-section-no e-con e-child\" data-id=\"b86d483\" data-element_type=\"container\">\n\t\t<div class=\"elementor-element elementor-element-b4be63f e-con-full e-flex wpr-particle-no wpr-jarallax-no wpr-parallax-no wpr-sticky-section-no e-con e-child\" data-id=\"b4be63f\" data-element_type=\"container\">\n\t\t\t\t<div class=\"elementor-element elementor-element-1baa5fcc elementor-widget elementor-widget-image\" data-id=\"1baa5fcc\" data-element_type=\"widget\" data-widget_type=\"image.default\">\n\t\t\t\t<div class=\"elementor-widget-container\">\n\t\t\t\t\t\t\t\t\t\t\t\t\t\t\t\t<a href=\"\/\">\n\t\t\t\t\t\t\t<img fetchpriority=\"high\" decoding=\"async\" width=\"800\" height=\"155\" src=\"https:\/\/www.cebelmail.com\/wp-content\/uploads\/2024\/06\/TYPO-BLEU-1024x198.png\" class=\"attachment-large size-large wp-image-17\" alt=\"Logo cebel typo bleu\" srcset=\"https:\/\/www.cebelmail.com\/wp-content\/uploads\/2024\/06\/TYPO-BLEU-1024x198.png 1024w, https:\/\/www.cebelmail.com\/wp-content\/uploads\/2024\/06\/TYPO-BLEU-300x58.png 300w, https:\/\/www.cebelmail.com\/wp-content\/uploads\/2024\/06\/TYPO-BLEU-768x149.png 768w, https:\/\/www.cebelmail.com\/wp-content\/uploads\/2024\/06\/TYPO-BLEU-1536x298.png 1536w, https:\/\/www.cebelmail.com\/wp-content\/uploads\/2024\/06\/TYPO-BLEU-2048x397.png 2048w\" sizes=\"(max-width: 800px) 100vw, 800px\" \/>\t\t\t\t\t\t\t\t<\/a>\n\t\t\t\t\t\t\t\t\t\t\t\t\t\t\t<\/div>\n\t\t\t\t<\/div>\n\t\t\t\t<\/div>\n\t\t<div class=\"elementor-element elementor-element-2d487c2e e-con-full e-flex wpr-particle-no wpr-jarallax-no wpr-parallax-no wpr-sticky-section-no e-con e-child\" data-id=\"2d487c2e\" data-element_type=\"container\">\n\t\t\t\t<div class=\"elementor-element elementor-element-6ce9c1f7 wpr-main-menu-align-right wpr-main-menu-align--tabletright wpr-nav-menu-bp-tablet elementor-widget-tablet__width-initial wpr-main-menu-align--mobileright elementor-widget__width-initial wpr-pointer-underline wpr-pointer-line-fx wpr-pointer-fx-fade wpr-sub-icon-caret-down wpr-sub-menu-fx-fade wpr-mobile-menu-full-width wpr-mobile-menu-item-align-center wpr-mobile-toggle-v1 wpr-sub-divider-yes wpr-mobile-divider-yes elementor-widget elementor-widget-wpr-nav-menu\" data-id=\"6ce9c1f7\" data-element_type=\"widget\" data-settings=\"{&quot;menu_layout&quot;:&quot;horizontal&quot;}\" data-widget_type=\"wpr-nav-menu.default\">\n\t\t\t\t<div class=\"elementor-widget-container\">\n\t\t\t\t\t<nav class=\"wpr-nav-menu-container wpr-nav-menu-horizontal\" data-trigger=\"hover\"><ul id=\"menu-1-6ce9c1f7\" class=\"wpr-nav-menu\"><li class=\"menu-item menu-item-type-post_type menu-item-object-page menu-item-home menu-item-1074\"><a href=\"https:\/\/www.cebelmail.com\/\" class=\"wpr-menu-item wpr-pointer-item\">CEBELMAIL<\/a><\/li>\n<li class=\"menu-item menu-item-type-post_type menu-item-object-page menu-item-1505\"><a href=\"https:\/\/www.cebelmail.com\/?page_id=1499\" class=\"wpr-menu-item wpr-pointer-item\">Logiciel<\/a><\/li>\n<li class=\"menu-item menu-item-type-post_type menu-item-object-page menu-item-49\"><a href=\"https:\/\/www.cebelmail.com\/?page_id=44\" class=\"wpr-menu-item wpr-pointer-item\">Produit<\/a><\/li>\n<\/ul><\/nav><nav class=\"wpr-mobile-nav-menu-container\"><div class=\"wpr-mobile-toggle-wrap\"><div class=\"wpr-mobile-toggle\"><span class=\"wpr-mobile-toggle-line\"><\/span><span class=\"wpr-mobile-toggle-line\"><\/span><span class=\"wpr-mobile-toggle-line\"><\/span><\/div><\/div><ul id=\"mobile-menu-2-6ce9c1f7\" class=\"wpr-mobile-nav-menu\"><li class=\"menu-item menu-item-type-post_type menu-item-object-page menu-item-home menu-item-1074\"><a href=\"https:\/\/www.cebelmail.com\/\" class=\"wpr-mobile-menu-item\">CEBELMAIL<\/a><\/li>\n<li class=\"menu-item menu-item-type-post_type menu-item-object-page menu-item-1505\"><a href=\"https:\/\/www.cebelmail.com\/?page_id=1499\" class=\"wpr-mobile-menu-item\">Logiciel<\/a><\/li>\n<li class=\"menu-item menu-item-type-post_type menu-item-object-page menu-item-49\"><a href=\"https:\/\/www.cebelmail.com\/?page_id=44\" class=\"wpr-mobile-menu-item\">Produit<\/a><\/li>\n<\/ul><\/nav>\t\t\t\t<\/div>\n\t\t\t\t<\/div>\n\t\t\t\t<\/div>\n\t\t\t\t<\/div>\n\t\t\t\t\t<\/div>\n\t\t\t\t<\/div>\n\t\t<div class=\"elementor-element elementor-element-c56fbb9 e-flex e-con-boxed wpr-particle-no wpr-jarallax-no wpr-parallax-no wpr-sticky-section-no e-con e-parent\" data-id=\"c56fbb9\" data-element_type=\"container\">\n\t\t\t\t\t<div class=\"e-con-inner\">\n\t\t\t\t<div class=\"elementor-element elementor-element-7a6be23 elementor-widget elementor-widget-heading\" data-id=\"7a6be23\" data-element_type=\"widget\" data-widget_type=\"heading.default\">\n\t\t\t\t<div class=\"elementor-widget-container\">\n\t\t\t\t\t<h2 class=\"elementor-heading-title elementor-size-default\">Editeur<\/h2>\t\t\t\t<\/div>\n\t\t\t\t<\/div>\n\t\t\t\t<div class=\"elementor-element elementor-element-bed0a18 elementor-widget elementor-widget-text-editor\" data-id=\"bed0a18\" data-element_type=\"widget\" data-widget_type=\"text-editor.default\">\n\t\t\t\t<div class=\"elementor-widget-container\">\n\t\t\t\t\t\t\t\t\t<p>Vous naviguez actuellement sur l\u2019un des sites web de Deltacad.<\/p><p>Deltacad poss\u00e8de l\u2019int\u00e9gralit\u00e9 des \u00e9l\u00e9ments constitutifs du site web et des bases de donn\u00e9es associ\u00e9es.<\/p><p><strong>Deltacad<\/strong><\/p><p>Soci\u00e9t\u00e9 anonyme SCOP<\/p><p>dont le si\u00e8ge se situe au 795 rue des Longues Rayes<\/p><p>60610 Lacroix Saint-Ouen<\/p><p>Inscrit aupr\u00e8s du RCS de COMPIEGNE sous le n\u00b0397 502 931<\/p><p>Responsable du site Deltacad : M. Harvey ROWSON<\/p><p>Pour toute question concernant les mentions l\u00e9gales Deltacad : <a href=\"mailto:deltacad@deltacad.fr\">deltacad@deltacad.fr<\/a><\/p>\t\t\t\t\t\t\t\t<\/div>\n\t\t\t\t<\/div>\n\t\t\t\t<div class=\"elementor-element elementor-element-6b1edfe elementor-widget elementor-widget-heading\" data-id=\"6b1edfe\" data-element_type=\"widget\" data-widget_type=\"heading.default\">\n\t\t\t\t<div class=\"elementor-widget-container\">\n\t\t\t\t\t<h2 class=\"elementor-heading-title elementor-size-default\">H\u00e9bergement<\/h2>\t\t\t\t<\/div>\n\t\t\t\t<\/div>\n\t\t\t\t<div class=\"elementor-element elementor-element-7222a48 elementor-widget elementor-widget-text-editor\" data-id=\"7222a48\" data-element_type=\"widget\" data-widget_type=\"text-editor.default\">\n\t\t\t\t<div class=\"elementor-widget-container\">\n\t\t\t\t\t\t\t\t\t<p>Deltacad est l\u2019h\u00e9bergeur du site cebelmail.fr<\/p>\t\t\t\t\t\t\t\t<\/div>\n\t\t\t\t<\/div>\n\t\t\t\t<div class=\"elementor-element elementor-element-fc43250 elementor-widget elementor-widget-heading\" data-id=\"fc43250\" data-element_type=\"widget\" data-widget_type=\"heading.default\">\n\t\t\t\t<div class=\"elementor-widget-container\">\n\t\t\t\t\t<h2 class=\"elementor-heading-title elementor-size-default\">Donn\u00e9es personnelles<\/h2>\t\t\t\t<\/div>\n\t\t\t\t<\/div>\n\t\t\t\t<div class=\"elementor-element elementor-element-12b0b22 elementor-widget elementor-widget-text-editor\" data-id=\"12b0b22\" data-element_type=\"widget\" data-widget_type=\"text-editor.default\">\n\t\t\t\t<div class=\"elementor-widget-container\">\n\t\t\t\t\t\t\t\t\t<p>Deltacad ne collecte ou partage aucune information personelle sur les utilisateurs des sites Deltacad<\/p>\t\t\t\t\t\t\t\t<\/div>\n\t\t\t\t<\/div>\n\t\t\t\t<div class=\"elementor-element elementor-element-299023b elementor-widget elementor-widget-heading\" data-id=\"299023b\" data-element_type=\"widget\" data-widget_type=\"heading.default\">\n\t\t\t\t<div class=\"elementor-widget-container\">\n\t\t\t\t\t<h2 class=\"elementor-heading-title elementor-size-default\">Fonctionnement<\/h2>\t\t\t\t<\/div>\n\t\t\t\t<\/div>\n\t\t\t\t<div class=\"elementor-element elementor-element-4fcf636 elementor-widget elementor-widget-text-editor\" data-id=\"4fcf636\" data-element_type=\"widget\" data-widget_type=\"text-editor.default\">\n\t\t\t\t<div class=\"elementor-widget-container\">\n\t\t\t\t\t\t\t\t\tPour toute remarque sur le fonctionnement du site, veuillez adresser un message au webmestre :<a href=\"mailto:deltacad@deltacad.fr\"> deltacad@deltacad.fr<\/a>\t\t\t\t\t\t\t\t<\/div>\n\t\t\t\t<\/div>\n\t\t\t\t<div class=\"elementor-element elementor-element-4027e0c elementor-widget elementor-widget-heading\" data-id=\"4027e0c\" data-element_type=\"widget\" data-widget_type=\"heading.default\">\n\t\t\t\t<div class=\"elementor-widget-container\">\n\t\t\t\t\t<h2 class=\"elementor-heading-title elementor-size-default\">Liens hypertextes<\/h2>\t\t\t\t<\/div>\n\t\t\t\t<\/div>\n\t\t\t\t<div class=\"elementor-element elementor-element-cc66494 elementor-widget elementor-widget-text-editor\" data-id=\"cc66494\" data-element_type=\"widget\" data-widget_type=\"text-editor.default\">\n\t\t\t\t<div class=\"elementor-widget-container\">\n\t\t\t\t\t\t\t\t\t<p>\u00a0<\/p><div class=\"elementor-widget-container\"><p>Deltacad autorise la mise en place de liens hypertextes \u00e0 condition de :<\/p><ul><li>Mentionner en toutes lettres la source, qui pointera gr\u00e2ce \u00e0 un lien hypertexte directement sur le contenu vis\u00e9, garantir que l\u2019acc\u00e8s ne soit pas alt\u00e9r\u00e9, que le sens ne soit pas d\u00e9natur\u00e9 et que les sources et date d\u2019extraction des informations soient mentionn\u00e9es en toutes lettres.<\/li><\/ul><ul><li>N\u2019utiliser les informations qu\u2019\u00e0 des fins personnelles, associatives ou professionnelles. Toute utilisation \u00e0 des fins commerciales ou publicitaires est exclue.<\/li><li>Afficher les liens dans une nouvelle fen\u00eatre<\/li><\/ul><p>Deltacad n\u2019autorise pas la mise en place de liens hypertextes pour les sites qui diffusent des informations \u00e0 caract\u00e8re pol\u00e9mique, contraires \u00e0 l\u2019ordre public, ou qui peuvent porter atteinte \u00e0 la sensibilit\u00e9 du public.<\/p><p>Dans tous les cas :<\/p><ul><li>La mise en place de ces liens hypertextes n\u2019engagera pas la responsabilit\u00e9 de l\u2019\u00e9diteur notamment en raison des contenus des sites sur lesquels les liens sont mis en place.<\/li><li>L\u2019\u00e9diteur ou toute personnes qu\u2019il a autoris\u00e9 \u00e0 cet effet, se r\u00e9serve le droit de demander la suppression d\u2019un lien qu\u2019il estime non conforme \u00e0 ses int\u00e9r\u00eats. La suppression devra \u00eatre r\u00e9alis\u00e9e dans les 24 heures suivant la demande \u00e9crite.<\/li><\/ul><\/div>\t\t\t\t\t\t\t\t<\/div>\n\t\t\t\t<\/div>\n\t\t\t\t<div class=\"elementor-element elementor-element-6a0cee8 elementor-widget elementor-widget-heading\" data-id=\"6a0cee8\" data-element_type=\"widget\" data-widget_type=\"heading.default\">\n\t\t\t\t<div class=\"elementor-widget-container\">\n\t\t\t\t\t<h2 class=\"elementor-heading-title elementor-size-default\">Acceptation des conditions d'utilisation<\/h2>\t\t\t\t<\/div>\n\t\t\t\t<\/div>\n\t\t\t\t<div class=\"elementor-element elementor-element-88ad52a elementor-widget elementor-widget-text-editor\" data-id=\"88ad52a\" data-element_type=\"widget\" data-widget_type=\"text-editor.default\">\n\t\t\t\t<div class=\"elementor-widget-container\">\n\t\t\t\t\t\t\t\t\t<p>En tant qu\u2019utilisateur du site, vous reconnaissez avoir pris connaissance des conditions d\u2019utilisation.<\/p>\t\t\t\t\t\t\t\t<\/div>\n\t\t\t\t<\/div>\n\t\t\t\t<div class=\"elementor-element elementor-element-cc44a2e elementor-widget elementor-widget-heading\" data-id=\"cc44a2e\" data-element_type=\"widget\" data-widget_type=\"heading.default\">\n\t\t\t\t<div class=\"elementor-widget-container\">\n\t\t\t\t\t<h2 class=\"elementor-heading-title elementor-size-default\">Cookies<\/h2>\t\t\t\t<\/div>\n\t\t\t\t<\/div>\n\t\t\t\t<div class=\"elementor-element elementor-element-1513815 elementor-widget elementor-widget-text-editor\" data-id=\"1513815\" data-element_type=\"widget\" data-widget_type=\"text-editor.default\">\n\t\t\t\t<div class=\"elementor-widget-container\">\n\t\t\t\t\t\t\t\t\t<div class=\"elementor-widget-container\"><p>La partie publique du site https:\/\/www.deltacad.fr ne contient pas de cookies.<\/p><p>Concernant la partie administration du site r\u00e9serv\u00e9e \u00e0 des utilisateurs autoris\u00e9s, il est possible que le site souhaite implanter un cookie dans votre ordinateur, qui enregistre des informations sur l\u2019authentification de l\u2019utilisateur.<\/p><\/div>\t\t\t\t\t\t\t\t<\/div>\n\t\t\t\t<\/div>\n\t\t\t\t\t<\/div>\n\t\t\t\t<\/div>\n\t\t\t\t<\/div>\n\t\t","protected":false},"excerpt":{"rendered":"<p>CEBELMAIL Logiciel Produit CEBELMAIL Logiciel Produit Editeur Vous naviguez actuellement sur l\u2019un des sites web de Deltacad. Deltacad poss\u00e8de l\u2019int\u00e9gralit\u00e9 des \u00e9l\u00e9ments constitutifs du site web et des bases de donn\u00e9es associ\u00e9es. Deltacad Soci\u00e9t\u00e9 anonyme SCOP dont le si\u00e8ge se situe au 795 rue des Longues Rayes 60610 Lacroix Saint-Ouen Inscrit aupr\u00e8s du RCS de COMPIEGNE sous le n\u00b0397 502 931 Responsable du site Deltacad : M. Harvey ROWSON Pour toute question concernant les mentions l\u00e9gales Deltacad : deltacad@deltacad.fr H\u00e9bergement Deltacad est l\u2019h\u00e9bergeur du site cebelmail.fr Donn\u00e9es personnelles Deltacad ne collecte ou partage aucune information personelle sur les utilisateurs des sites Deltacad Fonctionnement Pour toute remarque sur le fonctionnement du site, veuillez adresser un message au webmestre : deltacad@deltacad.fr Liens hypertextes \u00a0 Deltacad autorise la mise en place de liens hypertextes \u00e0 condition de : Mentionner en toutes lettres la source, qui pointera gr\u00e2ce \u00e0 un lien hypertexte directement sur le contenu vis\u00e9, garantir que l\u2019acc\u00e8s ne soit pas alt\u00e9r\u00e9, que le sens ne soit pas d\u00e9natur\u00e9 et que les sources et date d\u2019extraction des informations soient mentionn\u00e9es en toutes lettres. N\u2019utiliser les informations qu\u2019\u00e0 des fins personnelles, associatives ou professionnelles. Toute utilisation \u00e0 des fins commerciales ou publicitaires est exclue. Afficher les liens dans une nouvelle fen\u00eatre Deltacad n\u2019autorise pas la mise en place de liens hypertextes pour les sites qui diffusent des informations \u00e0 caract\u00e8re pol\u00e9mique, contraires \u00e0 l\u2019ordre public, ou qui peuvent porter atteinte \u00e0 la sensibilit\u00e9 du public. Dans tous les cas : La mise en place de ces liens hypertextes n\u2019engagera pas la responsabilit\u00e9 de l\u2019\u00e9diteur notamment en raison des contenus des sites sur lesquels les liens sont mis en place. L\u2019\u00e9diteur ou toute personnes qu\u2019il a autoris\u00e9 \u00e0 cet effet, se r\u00e9serve le droit de demander la suppression d\u2019un lien qu\u2019il estime non conforme \u00e0 ses int\u00e9r\u00eats. La suppression devra \u00eatre r\u00e9alis\u00e9e dans les 24 heures suivant la demande \u00e9crite. Acceptation des conditions d&rsquo;utilisation En tant qu\u2019utilisateur du site, vous reconnaissez avoir pris connaissance des conditions d\u2019utilisation. Cookies La partie publique du site https:\/\/www.deltacad.fr ne contient pas de cookies. Concernant la partie administration du site r\u00e9serv\u00e9e \u00e0 des utilisateurs autoris\u00e9s, il est possible que le site souhaite implanter un cookie dans votre ordinateur, qui enregistre des informations sur l\u2019authentification de l\u2019utilisateur.<\/p>\n","protected":false},"author":1,"featured_media":12,"parent":0,"menu_order":0,"comment_status":"closed","ping_status":"closed","template":"","meta":{"footnotes":""},"folder":[],"class_list":["post-974","page","type-page","status-publish","has-post-thumbnail","hentry"],"yoast_head":"<!-- This site is optimized with the Yoast SEO plugin v24.3 - https:\/\/yoast.com\/wordpress\/plugins\/seo\/ -->\n<title>Mentions l\u00e9gales - Cebelmail<\/title>\n<meta name=\"description\" content=\"Retrouvez ici les mentions et informations l\u00e9gales relatives au site de notre produit CEBELMAIL.\" \/>\n<meta name=\"robots\" content=\"index, follow, max-snippet:-1, max-image-preview:large, max-video-preview:-1\" \/>\n<link rel=\"canonical\" href=\"https:\/\/www.cebelmail.com\/?page_id=974\" \/>\n<meta property=\"og:locale\" content=\"fr_FR\" \/>\n<meta property=\"og:type\" content=\"article\" \/>\n<meta property=\"og:title\" content=\"Mentions l\u00e9gales - Cebelmail\" \/>\n<meta property=\"og:description\" content=\"Retrouvez ici les mentions et informations l\u00e9gales relatives au site de notre produit CEBELMAIL.\" \/>\n<meta property=\"og:url\" content=\"https:\/\/www.cebelmail.com\/?page_id=974\" \/>\n<meta property=\"og:site_name\" content=\"Cebelmail\" \/>\n<meta property=\"article:modified_time\" content=\"2025-01-31T11:57:46+00:00\" \/>\n<meta property=\"og:image\" content=\"https:\/\/www.cebelmail.com\/wp-content\/uploads\/2024\/06\/BULLE-BLEU.png\" \/>\n\t<meta property=\"og:image:width\" content=\"1088\" \/>\n\t<meta property=\"og:image:height\" content=\"1344\" \/>\n\t<meta property=\"og:image:type\" content=\"image\/png\" \/>\n<meta name=\"twitter:card\" content=\"summary_large_image\" \/>\n<meta name=\"twitter:label1\" content=\"Dur\u00e9e de lecture estim\u00e9e\" \/>\n\t<meta name=\"twitter:data1\" content=\"4 minutes\" \/>\n<script type=\"application\/ld+json\" class=\"yoast-schema-graph\">{\"@context\":\"https:\/\/schema.org\",\"@graph\":[{\"@type\":\"WebPage\",\"@id\":\"https:\/\/www.cebelmail.com\/?page_id=974\",\"url\":\"https:\/\/www.cebelmail.com\/?page_id=974\",\"name\":\"Mentions l\u00e9gales - Cebelmail\",\"isPartOf\":{\"@id\":\"https:\/\/www.cebelmail.com\/#website\"},\"primaryImageOfPage\":{\"@id\":\"https:\/\/www.cebelmail.com\/?page_id=974#primaryimage\"},\"image\":{\"@id\":\"https:\/\/www.cebelmail.com\/?page_id=974#primaryimage\"},\"thumbnailUrl\":\"https:\/\/www.cebelmail.com\/wp-content\/uploads\/2024\/06\/BULLE-BLEU.png\",\"datePublished\":\"2024-06-12T11:03:37+00:00\",\"dateModified\":\"2025-01-31T11:57:46+00:00\",\"description\":\"Retrouvez ici les mentions et informations l\u00e9gales relatives au site de notre produit CEBELMAIL.\",\"breadcrumb\":{\"@id\":\"https:\/\/www.cebelmail.com\/?page_id=974#breadcrumb\"},\"inLanguage\":\"fr-FR\",\"potentialAction\":[{\"@type\":\"ReadAction\",\"target\":[\"https:\/\/www.cebelmail.com\/?page_id=974\"]}]},{\"@type\":\"ImageObject\",\"inLanguage\":\"fr-FR\",\"@id\":\"https:\/\/www.cebelmail.com\/?page_id=974#primaryimage\",\"url\":\"https:\/\/www.cebelmail.com\/wp-content\/uploads\/2024\/06\/BULLE-BLEU.png\",\"contentUrl\":\"https:\/\/www.cebelmail.com\/wp-content\/uploads\/2024\/06\/BULLE-BLEU.png\",\"width\":1088,\"height\":1344,\"caption\":\"Logo cebel bulle bleue\"},{\"@type\":\"BreadcrumbList\",\"@id\":\"https:\/\/www.cebelmail.com\/?page_id=974#breadcrumb\",\"itemListElement\":[{\"@type\":\"ListItem\",\"position\":1,\"name\":\"Accueil\",\"item\":\"https:\/\/www.cebelmail.com\/\"},{\"@type\":\"ListItem\",\"position\":2,\"name\":\"Mentions l\u00e9gales\"}]},{\"@type\":\"WebSite\",\"@id\":\"https:\/\/www.cebelmail.com\/#website\",\"url\":\"https:\/\/www.cebelmail.com\/\",\"name\":\"Cebelmail\",\"description\":\"Le site du produit Cebelmail\",\"potentialAction\":[{\"@type\":\"SearchAction\",\"target\":{\"@type\":\"EntryPoint\",\"urlTemplate\":\"https:\/\/www.cebelmail.com\/?s={search_term_string}\"},\"query-input\":{\"@type\":\"PropertyValueSpecification\",\"valueRequired\":true,\"valueName\":\"search_term_string\"}}],\"inLanguage\":\"fr-FR\"}]}<\/script>\n<!-- \/ Yoast SEO plugin. -->","yoast_head_json":{"title":"Mentions l\u00e9gales - Cebelmail","description":"Retrouvez ici les mentions et informations l\u00e9gales relatives au site de notre produit CEBELMAIL.","robots":{"index":"index","follow":"follow","max-snippet":"max-snippet:-1","max-image-preview":"max-image-preview:large","max-video-preview":"max-video-preview:-1"},"canonical":"https:\/\/www.cebelmail.com\/?page_id=974","og_locale":"fr_FR","og_type":"article","og_title":"Mentions l\u00e9gales - Cebelmail","og_description":"Retrouvez ici les mentions et informations l\u00e9gales relatives au site de notre produit CEBELMAIL.","og_url":"https:\/\/www.cebelmail.com\/?page_id=974","og_site_name":"Cebelmail","article_modified_time":"2025-01-31T11:57:46+00:00","og_image":[{"width":1088,"height":1344,"url":"https:\/\/www.cebelmail.com\/wp-content\/uploads\/2024\/06\/BULLE-BLEU.png","type":"image\/png"}],"twitter_card":"summary_large_image","twitter_misc":{"Dur\u00e9e de lecture estim\u00e9e":"4 minutes"},"schema":{"@context":"https:\/\/schema.org","@graph":[{"@type":"WebPage","@id":"https:\/\/www.cebelmail.com\/?page_id=974","url":"https:\/\/www.cebelmail.com\/?page_id=974","name":"Mentions l\u00e9gales - Cebelmail","isPartOf":{"@id":"https:\/\/www.cebelmail.com\/#website"},"primaryImageOfPage":{"@id":"https:\/\/www.cebelmail.com\/?page_id=974#primaryimage"},"image":{"@id":"https:\/\/www.cebelmail.com\/?page_id=974#primaryimage"},"thumbnailUrl":"https:\/\/www.cebelmail.com\/wp-content\/uploads\/2024\/06\/BULLE-BLEU.png","datePublished":"2024-06-12T11:03:37+00:00","dateModified":"2025-01-31T11:57:46+00:00","description":"Retrouvez ici les mentions et informations l\u00e9gales relatives au site de notre produit CEBELMAIL.","breadcrumb":{"@id":"https:\/\/www.cebelmail.com\/?page_id=974#breadcrumb"},"inLanguage":"fr-FR","potentialAction":[{"@type":"ReadAction","target":["https:\/\/www.cebelmail.com\/?page_id=974"]}]},{"@type":"ImageObject","inLanguage":"fr-FR","@id":"https:\/\/www.cebelmail.com\/?page_id=974#primaryimage","url":"https:\/\/www.cebelmail.com\/wp-content\/uploads\/2024\/06\/BULLE-BLEU.png","contentUrl":"https:\/\/www.cebelmail.com\/wp-content\/uploads\/2024\/06\/BULLE-BLEU.png","width":1088,"height":1344,"caption":"Logo cebel bulle bleue"},{"@type":"BreadcrumbList","@id":"https:\/\/www.cebelmail.com\/?page_id=974#breadcrumb","itemListElement":[{"@type":"ListItem","position":1,"name":"Accueil","item":"https:\/\/www.cebelmail.com\/"},{"@type":"ListItem","position":2,"name":"Mentions l\u00e9gales"}]},{"@type":"WebSite","@id":"https:\/\/www.cebelmail.com\/#website","url":"https:\/\/www.cebelmail.com\/","name":"Cebelmail","description":"Le site du produit Cebelmail","potentialAction":[{"@type":"SearchAction","target":{"@type":"EntryPoint","urlTemplate":"https:\/\/www.cebelmail.com\/?s={search_term_string}"},"query-input":{"@type":"PropertyValueSpecification","valueRequired":true,"valueName":"search_term_string"}}],"inLanguage":"fr-FR"}]}},"_links":{"self":[{"href":"https:\/\/www.cebelmail.com\/index.php?rest_route=\/wp\/v2\/pages\/974","targetHints":{"allow":["GET"]}}],"collection":[{"href":"https:\/\/www.cebelmail.com\/index.php?rest_route=\/wp\/v2\/pages"}],"about":[{"href":"https:\/\/www.cebelmail.com\/index.php?rest_route=\/wp\/v2\/types\/page"}],"author":[{"embeddable":true,"href":"https:\/\/www.cebelmail.com\/index.php?rest_route=\/wp\/v2\/users\/1"}],"replies":[{"embeddable":true,"href":"https:\/\/www.cebelmail.com\/index.php?rest_route=%2Fwp%2Fv2%2Fcomments&post=974"}],"version-history":[{"count":22,"href":"https:\/\/www.cebelmail.com\/index.php?rest_route=\/wp\/v2\/pages\/974\/revisions"}],"predecessor-version":[{"id":1603,"href":"https:\/\/www.cebelmail.com\/index.php?rest_route=\/wp\/v2\/pages\/974\/revisions\/1603"}],"wp:featuredmedia":[{"embeddable":true,"href":"https:\/\/www.cebelmail.com\/index.php?rest_route=\/wp\/v2\/media\/12"}],"wp:attachment":[{"href":"https:\/\/www.cebelmail.com\/index.php?rest_route=%2Fwp%2Fv2%2Fmedia&parent=974"}],"wp:term":[{"taxonomy":"folder","embeddable":true,"href":"https:\/\/www.cebelmail.com\/index.php?rest_route=%2Fwp%2Fv2%2Ffolder&post=974"}],"curies":[{"name":"wp","href":"https:\/\/api.w.org\/{rel}","templated":true}]}}